{"id":731,"date":"2018-06-28T01:20:34","date_gmt":"2018-06-28T04:20:34","guid":{"rendered":"https:\/\/iesmaldones-cat.infd.edu.ar\/sitio\/capacitacion\/"},"modified":"2024-11-11T08:25:32","modified_gmt":"2024-11-11T11:25:32","slug":"capacitacion","status":"publish","type":"page","link":"https:\/\/iesmaldones-cat.infd.edu.ar\/sitio\/capacitacion\/","title":{"rendered":"ACCIONES DEL DPTO CAPACITACI\u00d3N Y EXTENSI\u00d3N 2024"},"content":{"rendered":"\n<p class=\"has-base-3-color has-midnight-gradient-background has-text-color has-background has-medium-font-size\"> Actualizaci\u00f3n Disciplinar &#8211; Plan educativo jurisdiccional 2024-2039<\/p>\n\n\n\n<p><\/p>\n\n\n\n<p>En el Marco de las Jornadas de Actualizaci\u00f3n Disciplinar dentro del marco del Plan educativo jurisdiccional 2024-2039 se llevan a cabo en la jornada de hoy con docentes de todos los niveles en la escuela Fray Vicente Alcar\u00e1z en localidad de La Merced, dpto. Paclin. Los integrantes de la jornada son: Roque C\u00f3rdoba, Pablo C\u00f3rdoba, Karina Rold\u00e1n, Gisela Vega, Natalia Heredia Oviedo y Gast\u00f3n Silva.<\/p>\n\n\n<div class=\"wp-block-image\">\n<figure class=\"aligncenter size-full\"><img decoding=\"async\" loading=\"lazy\" width=\"768\" height=\"577\" src=\"https:\/\/iesmaldones-cat.infd.edu.ar\/sitio\/wp-content\/uploads\/2024\/11\/Imagen-de-WhatsApp-2024-09-12-a-las-12.06.36_8d9121cd-768x577-1.jpg\" alt=\"\" class=\"wp-image-2548\"\/><\/figure><\/div>\n\n\n<p class=\"has-electric-grass-gradient-background has-background has-medium-font-size\">CAPACITACI\u00d3N 2023 <\/p>\n\n\n\n<p class=\"has-electric-grass-gradient-background has-background has-medium-font-size\"><strong><em>\u201cPromotores de Vida Saludable en Instituciones Educativas:<\/em> <em>Abordaje del Suicidio\u201d<\/em><\/strong><\/p>\n\n\n\n<p>Responsable: Prof. Analia Peralta <\/p>\n\n\n\n<p><strong>Tipo de Evento: <\/strong>Curso\/Taller <\/p>\n\n\n\n<p><strong>Modalidad<\/strong>: bimodal<\/p>\n\n\n\n<p><strong>Tiempo previsto:<\/strong> Horas reloj: 90 &#8211; Horas c\u00e1tedras: 135<\/p>\n\n\n\n<p class=\"has-light-green-cyan-to-vivid-green-cyan-gradient-background has-background\">MATERIALES DE LECTURA:<\/p>\n\n\n\n<div class=\"wp-block-buttons is-layout-flex\">\n<div class=\"wp-block-button\"><a class=\"wp-block-button__link wp-element-button\">PRIMER ENCUENTRO<\/a><\/div>\n<\/div>\n\n\n\n<div class=\"wp-block-file\"><a id=\"wp-block-file--media-8a8854c0-5d0d-4f6a-a98f-95a237745c07\" href=\"https:\/\/iesmaldones-cat.infd.edu.ar\/sitio\/wp-content\/uploads\/2023\/09\/1er-ENCUENTRO-VIOLENCIAS-BULLYING-2.pptx\">1er-ENCUENTRO-VIOLENCIAS-BULLYING-2<\/a><a href=\"https:\/\/iesmaldones-cat.infd.edu.ar\/sitio\/wp-content\/uploads\/2023\/09\/1er-ENCUENTRO-VIOLENCIAS-BULLYING-2.pptx\" class=\"wp-block-file__button wp-element-button\" download aria-describedby=\"wp-block-file--media-8a8854c0-5d0d-4f6a-a98f-95a237745c07\">Descarga<\/a><\/div>\n\n\n\n<div class=\"wp-block-file aligncenter\"><object class=\"wp-block-file__embed\" data=\"https:\/\/iesmaldones-cat.infd.edu.ar\/sitio\/wp-content\/uploads\/2023\/09\/ABORDAJE-INTERSECTORIAL-DE-LA-PROBLEMATICA-DEL-SUICIDIO-Y-DE-LAS-AUTOLESIONES-4.pdf\" type=\"application\/pdf\" style=\"width:100%;height:450px\" aria-label=\"Incrustado de ABORDAJE-INTERSECTORIAL-DE-LA-PROBLEMATICA-DEL-SUICIDIO-Y-DE-LAS-AUTOLESIONES-4.\"><\/object><a id=\"wp-block-file--media-8f3a6fe0-90e5-4eca-8437-594648143ad4\" href=\"https:\/\/iesmaldones-cat.infd.edu.ar\/sitio\/wp-content\/uploads\/2023\/09\/ABORDAJE-INTERSECTORIAL-DE-LA-PROBLEMATICA-DEL-SUICIDIO-Y-DE-LAS-AUTOLESIONES-4.pdf\" target=\"_blank\" rel=\"noreferrer noopener\">ABORDAJE-INTERSECTORIAL-DE-LA-PROBLEMATICA-DEL-SUICIDIO-Y-DE-LAS-AUTOLESIONES-4<\/a><a href=\"https:\/\/iesmaldones-cat.infd.edu.ar\/sitio\/wp-content\/uploads\/2023\/09\/ABORDAJE-INTERSECTORIAL-DE-LA-PROBLEMATICA-DEL-SUICIDIO-Y-DE-LAS-AUTOLESIONES-4.pdf\" class=\"wp-block-file__button wp-element-button\" download aria-describedby=\"wp-block-file--media-8f3a6fe0-90e5-4eca-8437-594648143ad4\">Descarga<\/a><\/div>\n\n\n\n<div class=\"wp-block-file\"><object class=\"wp-block-file__embed\" data=\"https:\/\/iesmaldones-cat.infd.edu.ar\/sitio\/wp-content\/uploads\/2023\/09\/LEY-NAC-N\u00b027.130-15-PREVENCION-DEL-SUICIDIO-1.pdf\" type=\"application\/pdf\" style=\"width:100%;height:600px\" aria-label=\"Incrustado de LEY-NAC-N\u00b027.130-15-PREVENCION-DEL-SUICIDIO-1.\"><\/object><a id=\"wp-block-file--media-8fc12fe5-54e4-4fa9-97c4-6b98a5814610\" href=\"https:\/\/iesmaldones-cat.infd.edu.ar\/sitio\/wp-content\/uploads\/2023\/09\/LEY-NAC-N\u00b027.130-15-PREVENCION-DEL-SUICIDIO-1.pdf\">LEY-NAC-N\u00b027.130-15-PREVENCION-DEL-SUICIDIO-1<\/a><a href=\"https:\/\/iesmaldones-cat.infd.edu.ar\/sitio\/wp-content\/uploads\/2023\/09\/LEY-NAC-N\u00b027.130-15-PREVENCION-DEL-SUICIDIO-1.pdf\" class=\"wp-block-file__button wp-element-button\" download aria-describedby=\"wp-block-file--media-8fc12fe5-54e4-4fa9-97c4-6b98a5814610\">Descarga<\/a><\/div>\n\n\n\n<div class=\"wp-block-file\"><object class=\"wp-block-file__embed\" data=\"https:\/\/iesmaldones-cat.infd.edu.ar\/sitio\/wp-content\/uploads\/2023\/09\/LEY-PROV-N\u00b05.484-16-ADHESION-LEY-NAC-27.130-15.pdf\" type=\"application\/pdf\" style=\"width:100%;height:420px\" aria-label=\"Incrustado de LEY-PROV-N\u00b05.484-16-ADHESION-LEY-NAC-27.130-15.\"><\/object><a id=\"wp-block-file--media-2858dae5-b2b2-4b0f-93be-60cbdca89a3e\" href=\"https:\/\/iesmaldones-cat.infd.edu.ar\/sitio\/wp-content\/uploads\/2023\/09\/LEY-PROV-N\u00b05.484-16-ADHESION-LEY-NAC-27.130-15.pdf\">LEY-PROV-N\u00b05.484-16-ADHESION-LEY-NAC-27.130-15<\/a><a href=\"https:\/\/iesmaldones-cat.infd.edu.ar\/sitio\/wp-content\/uploads\/2023\/09\/LEY-PROV-N\u00b05.484-16-ADHESION-LEY-NAC-27.130-15.pdf\" class=\"wp-block-file__button wp-element-button\" download aria-describedby=\"wp-block-file--media-2858dae5-b2b2-4b0f-93be-60cbdca89a3e\">Descarga<\/a><\/div>\n\n\n\n<div class=\"wp-block-file\"><object class=\"wp-block-file__embed\" data=\"https:\/\/iesmaldones-cat.infd.edu.ar\/sitio\/wp-content\/uploads\/2023\/09\/Abordaje-integral-del-suicidio-en-las-adolescencias-Lineamientos-para-Equipos-de-Salud-compressed.pdf\" type=\"application\/pdf\" style=\"width:100%;height:600px\" aria-label=\"Incrustado de Abordaje integral del suicidio en las adolescencias  Lineamientos para Equipos de Salud .\"><\/object><a id=\"wp-block-file--media-61127c71-df53-4f8c-9177-97746d997a05\" href=\"https:\/\/iesmaldones-cat.infd.edu.ar\/sitio\/wp-content\/uploads\/2023\/09\/Abordaje-integral-del-suicidio-en-las-adolescencias-Lineamientos-para-Equipos-de-Salud-compressed.pdf\">Abordaje integral del suicidio en las adolescencias  Lineamientos para Equipos de Salud <\/a><a href=\"https:\/\/iesmaldones-cat.infd.edu.ar\/sitio\/wp-content\/uploads\/2023\/09\/Abordaje-integral-del-suicidio-en-las-adolescencias-Lineamientos-para-Equipos-de-Salud-compressed.pdf\" class=\"wp-block-file__button wp-element-button\" download aria-describedby=\"wp-block-file--media-61127c71-df53-4f8c-9177-97746d997a05\">Descarga<\/a><\/div>\n\n\n\n<div class=\"wp-block-file\"><object class=\"wp-block-file__embed\" data=\"https:\/\/iesmaldones-cat.infd.edu.ar\/sitio\/wp-content\/uploads\/2023\/09\/Protocolo-de-Actuacion-ante-Situaciones-Complejas-en-las-Instituciones-Educativas-Catamarca-compressed.pdf\" type=\"application\/pdf\" style=\"width:100%;height:600px\" aria-label=\"Incrustado de Protocolo de Actuaci\u00f3n ante Situaciones Complejas en las Instituciones Educativas Catamarca.\"><\/object><a id=\"wp-block-file--media-300586e5-b468-48f3-9239-f6827292d0a9\" href=\"https:\/\/iesmaldones-cat.infd.edu.ar\/sitio\/wp-content\/uploads\/2023\/09\/Protocolo-de-Actuacion-ante-Situaciones-Complejas-en-las-Instituciones-Educativas-Catamarca-compressed.pdf\">Protocolo de Actuaci\u00f3n ante Situaciones Complejas en las Instituciones Educativas Catamarca<\/a><a href=\"https:\/\/iesmaldones-cat.infd.edu.ar\/sitio\/wp-content\/uploads\/2023\/09\/Protocolo-de-Actuacion-ante-Situaciones-Complejas-en-las-Instituciones-Educativas-Catamarca-compressed.pdf\" class=\"wp-block-file__button wp-element-button\" download aria-describedby=\"wp-block-file--media-300586e5-b468-48f3-9239-f6827292d0a9\">Descarga<\/a><\/div>\n","protected":false},"excerpt":{"rendered":"<p>Actualizaci\u00f3n Disciplinar &#8211; Plan educativo jurisdiccional 2024-2039 En el Marco de las Jornadas de Actualizaci\u00f3n Disciplinar dentro del marco del Plan educativo jurisdiccional 2024-2039 se llevan a cabo en la jornada de hoy con docentes de todos los niveles en la escuela Fray Vicente Alcar\u00e1z en localidad de La Merced, dpto. Paclin. Los integrantes de &#8230; <a title=\"ACCIONES DEL DPTO CAPACITACI\u00d3N Y EXTENSI\u00d3N 2024\" class=\"read-more\" href=\"https:\/\/iesmaldones-cat.infd.edu.ar\/sitio\/capacitacion\/\" aria-label=\"More on ACCIONES DEL DPTO CAPACITACI\u00d3N Y EXTENSI\u00d3N 2024\">[+]<\/a><\/p>\n","protected":false},"author":1,"featured_media":0,"parent":0,"menu_order":0,"comment_status":"closed","ping_status":"closed","template":"","meta":[],"acf":[],"_links":{"self":[{"href":"https:\/\/iesmaldones-cat.infd.edu.ar\/sitio\/wp-json\/wp\/v2\/pages\/731"}],"collection":[{"href":"https:\/\/iesmaldones-cat.infd.edu.ar\/sitio\/wp-json\/wp\/v2\/pages"}],"about":[{"href":"https:\/\/iesmaldones-cat.infd.edu.ar\/sitio\/wp-json\/wp\/v2\/types\/page"}],"author":[{"embeddable":true,"href":"https:\/\/iesmaldones-cat.infd.edu.ar\/sitio\/wp-json\/wp\/v2\/users\/1"}],"replies":[{"embeddable":true,"href":"https:\/\/iesmaldones-cat.infd.edu.ar\/sitio\/wp-json\/wp\/v2\/comments?post=731"}],"version-history":[{"count":4,"href":"https:\/\/iesmaldones-cat.infd.edu.ar\/sitio\/wp-json\/wp\/v2\/pages\/731\/revisions"}],"predecessor-version":[{"id":2549,"href":"https:\/\/iesmaldones-cat.infd.edu.ar\/sitio\/wp-json\/wp\/v2\/pages\/731\/revisions\/2549"}],"wp:attachment":[{"href":"https:\/\/iesmaldones-cat.infd.edu.ar\/sitio\/wp-json\/wp\/v2\/media?parent=731"}],"curies":[{"name":"wp","href":"https:\/\/api.w.org\/{rel}","templated":true}]}}