{"id":2278,"date":"2024-05-29T13:21:05","date_gmt":"2024-05-29T16:21:05","guid":{"rendered":"https:\/\/iesmaldones-cat.infd.edu.ar\/sitio\/?page_id=2278"},"modified":"2025-06-27T11:00:41","modified_gmt":"2025-06-27T14:00:41","slug":"estructura-organica","status":"publish","type":"page","link":"https:\/\/iesmaldones-cat.infd.edu.ar\/sitio\/estructura-organica\/","title":{"rendered":"Estructura Org\u00e1nica"},"content":{"rendered":"\n<p><\/p>\n\n\n<h4><span style=\"color: #ff0000;\"><em><strong>EQUIPO DE GESTI\u00d3N NORMALIZADOR<\/strong><\/em><\/span><\/h4>\n<p style=\"text-align: center;\"><img decoding=\"async\" loading=\"lazy\" class=\"wp-image-2283 size-full aligncenter\" src=\"https:\/\/iesmaldones-cat.infd.edu.ar\/sitio\/wp-content\/uploads\/2024\/05\/usuario.png\" alt=\"\" width=\"225\" height=\"225\"><em><strong>RECTOR NORMALIZADOR:<\/strong><\/em><\/p>\n<p style=\"text-align: center;\">VALERIANO, Alejandro<\/p>\n\n\n<hr class=\"wp-block-separator aligncenter has-text-color has-accent-color has-alpha-channel-opacity has-accent-background-color has-background is-style-default\"\/>\n\n\n\n<div class=\"wp-block-columns is-layout-flex wp-container-3\">\n<div class=\"wp-block-column is-layout-flow\" style=\"flex-basis:50%\">\n<p style=\"text-align: center;\"><img decoding=\"async\" loading=\"lazy\" class=\"wp-image-2283 size-full aligncenter\" src=\"https:\/\/iesmaldones-cat.infd.edu.ar\/sitio\/wp-content\/uploads\/2024\/05\/usuario.png\" alt=\"\" width=\"225\" height=\"225\"><em><strong>SECRETARIA ACAD\u00c9MICA NORMALIZADORA:<\/strong><\/em><\/p>\n<p style=\"text-align: center;\">CASTRO MAZA, Laura<\/p>\n<\/div>\n\n\n\n<div class=\"wp-block-column is-layout-flow\" style=\"flex-basis:50%\">\n<p style=\"text-align: center;\"><img decoding=\"async\" loading=\"lazy\" class=\"wp-image-2284 size-full aligncenter\" src=\"https:\/\/iesmaldones-cat.infd.edu.ar\/sitio\/wp-content\/uploads\/2024\/05\/usuario1.jpg\" alt=\"\" width=\"225\" height=\"225\"><em><strong style=\"font-size: revert;\">SECRETARIA T\u00c9CNICA NORMALIZADORA:<\/strong><\/em><\/p>\n<p style=\"text-align: center;\">HERRERA, Daniela&nbsp;<\/p>\n<\/div>\n<\/div>\n\n\n\n<hr class=\"wp-block-separator aligncenter has-text-color has-accent-color has-alpha-channel-opacity has-accent-background-color has-background is-style-default\"\/>\n\n\n<h4><span style=\"color: #ff0000;\"><em><strong>EQUIPO AUXILIAR ACAD\u00c9MICO<\/strong><\/em><\/span><\/h4>\n\n\n<div class=\"wp-block-columns is-layout-flex wp-container-7\">\n<div class=\"wp-block-column is-layout-flow\" style=\"flex-basis:33.34%\">\n<p><img decoding=\"async\" loading=\"lazy\" class=\"wp-image-2283 size-full aligncenter\" src=\"https:\/\/iesmaldones-cat.infd.edu.ar\/sitio\/wp-content\/uploads\/2024\/05\/usuario.png\" alt=\"\" width=\"225\" height=\"225\" \/><\/p>\n<p style=\"text-align: center;\"><em><strong>JEFA DE INVESTIGACI\u00d3N:<\/strong><\/em><\/p>\n<p style=\"text-align: center;\">Lic. LUNA, Karina Rita\u00a0<\/p>\n<\/div>\n\n\n\n<div class=\"wp-block-column is-layout-flow\" style=\"flex-basis:33.34%\">\n<p style=\"text-align: center;\"><img decoding=\"async\" loading=\"lazy\" class=\"wp-image-2283 size-full aligncenter\" src=\"https:\/\/iesmaldones-cat.infd.edu.ar\/sitio\/wp-content\/uploads\/2024\/05\/usuario.png\" alt=\"\" width=\"225\" height=\"225\" \/><em><strong style=\"font-size: revert;\">JEFE DE EXTENSI\u00d3N:<\/strong><\/em><\/p>\n<p style=\"text-align: center;\">Lic. CORDOBA, Roque<\/p>\n<\/div>\n\n\n\n<div class=\"wp-block-column is-layout-flow\" style=\"flex-basis:33.33%\">\n<p style=\"text-align: center;\"><img decoding=\"async\" loading=\"lazy\" class=\"wp-image-2283 size-full aligncenter\" src=\"https:\/\/iesmaldones-cat.infd.edu.ar\/sitio\/wp-content\/uploads\/2024\/05\/usuario.png\" alt=\"\" width=\"225\" height=\"225\" \/><em><strong>JEFE DEPARAMENTO ALUMNOS:<\/strong><\/em><\/p>\n<p style=\"text-align: center;\">NAVARRO, Juan Carlos<\/p>\n<\/div>\n<\/div>\n","protected":false},"excerpt":{"rendered":"<p>EQUIPO DE GESTI\u00d3N NORMALIZADOR RECTOR NORMALIZADOR: VALERIANO, Alejandro SECRETARIA ACAD\u00c9MICA NORMALIZADORA: CASTRO MAZA, Laura SECRETARIA T\u00c9CNICA NORMALIZADORA: HERRERA, Daniela&nbsp; EQUIPO AUXILIAR ACAD\u00c9MICO JEFA DE INVESTIGACI\u00d3N: Lic. LUNA, Karina Rita\u00a0 JEFE DE EXTENSI\u00d3N: Lic. CORDOBA, Roque JEFE DEPARAMENTO ALUMNOS: NAVARRO, Juan Carlos<\/p>\n","protected":false},"author":20,"featured_media":0,"parent":0,"menu_order":0,"comment_status":"closed","ping_status":"closed","template":"","meta":[],"acf":[],"_links":{"self":[{"href":"https:\/\/iesmaldones-cat.infd.edu.ar\/sitio\/wp-json\/wp\/v2\/pages\/2278"}],"collection":[{"href":"https:\/\/iesmaldones-cat.infd.edu.ar\/sitio\/wp-json\/wp\/v2\/pages"}],"about":[{"href":"https:\/\/iesmaldones-cat.infd.edu.ar\/sitio\/wp-json\/wp\/v2\/types\/page"}],"author":[{"embeddable":true,"href":"https:\/\/iesmaldones-cat.infd.edu.ar\/sitio\/wp-json\/wp\/v2\/users\/20"}],"replies":[{"embeddable":true,"href":"https:\/\/iesmaldones-cat.infd.edu.ar\/sitio\/wp-json\/wp\/v2\/comments?post=2278"}],"version-history":[{"count":6,"href":"https:\/\/iesmaldones-cat.infd.edu.ar\/sitio\/wp-json\/wp\/v2\/pages\/2278\/revisions"}],"predecessor-version":[{"id":2716,"href":"https:\/\/iesmaldones-cat.infd.edu.ar\/sitio\/wp-json\/wp\/v2\/pages\/2278\/revisions\/2716"}],"wp:attachment":[{"href":"https:\/\/iesmaldones-cat.infd.edu.ar\/sitio\/wp-json\/wp\/v2\/media?parent=2278"}],"curies":[{"name":"wp","href":"https:\/\/api.w.org\/{rel}","templated":true}]}}