{"id":2110,"date":"2023-10-09T12:35:18","date_gmt":"2023-10-09T15:35:18","guid":{"rendered":"https:\/\/iesmaldones-cat.infd.edu.ar\/sitio\/?page_id=2110"},"modified":"2024-05-31T00:09:21","modified_gmt":"2024-05-31T03:09:21","slug":"historial-web","status":"publish","type":"page","link":"https:\/\/iesmaldones-cat.infd.edu.ar\/sitio\/historial-web\/","title":{"rendered":"HISTORIAL WEB 2023"},"content":{"rendered":"<div class=\"wp-block-image\">\n<figure class=\"aligncenter size-full\"><a href=\"https:\/\/forms.gle\/fnY5XCkCadyYgzVj9\" target=\"_blank\" rel=\"noreferrer noopener\"><img decoding=\"async\" loading=\"lazy\" width=\"768\" height=\"596\" src=\"https:\/\/iesmaldones-cat.infd.edu.ar\/sitio\/wp-content\/uploads\/2023\/12\/centro-de-estudiantes-768x596-2.jpg\" alt=\"\" class=\"wp-image-2164\"\/><\/a><figcaption class=\"wp-element-caption\"><strong><em>Clic en la imagen<\/em><\/strong><\/figcaption><\/figure><\/div>\n\n<div class=\"wp-block-image\">\n<figure class=\"aligncenter size-full is-resized\"><img decoding=\"async\" loading=\"lazy\" src=\"https:\/\/iesmaldones-cat.infd.edu.ar\/sitio\/wp-content\/uploads\/2023\/12\/Imagen-de-WhatsApp-2023-12-15-a-las-21.36.08_850515b9.jpg\" alt=\"\" class=\"wp-image-2156\" width=\"595\" height=\"929\" srcset=\"https:\/\/iesmaldones-cat.infd.edu.ar\/sitio\/wp-content\/uploads\/2023\/12\/Imagen-de-WhatsApp-2023-12-15-a-las-21.36.08_850515b9.jpg 899w, https:\/\/iesmaldones-cat.infd.edu.ar\/sitio\/wp-content\/uploads\/2023\/12\/Imagen-de-WhatsApp-2023-12-15-a-las-21.36.08_850515b9-641x1000.jpg 641w, https:\/\/iesmaldones-cat.infd.edu.ar\/sitio\/wp-content\/uploads\/2023\/12\/Imagen-de-WhatsApp-2023-12-15-a-las-21.36.08_850515b9-768x1199.jpg 768w\" sizes=\"(max-width: 595px) 100vw, 595px\" \/><figcaption class=\"wp-element-caption\"><strong><em><mark style=\"background-color:rgba(0, 0, 0, 0);color:#d60101\" class=\"has-inline-color\">A la Comunidad Educativa del IES Estanislao Maldones les informamos que el Proceso Eleccionario para elegir integrantes del Consejo Directivo se llevar\u00e1 a cabo seg\u00fan modalidad virtual. A ese efecto se enviar\u00e1 el formulario Google correspondiente, el d\u00eda 18-12-23.<br>El proceso de votaci\u00f3n se extender\u00e1 de 08:00 a 18:00 Hs. ATTE.<br>JUNTA ELECTORA 2023<\/mark><\/em><\/strong><\/figcaption><\/figure><\/div>\n\n\n<hr class=\"wp-block-separator has-alpha-channel-opacity\"\/>\n\n\n<div class=\"wp-block-image\">\n<figure class=\"aligncenter size-large is-resized\"><img decoding=\"async\" loading=\"lazy\" src=\"https:\/\/iesmaldones-cat.infd.edu.ar\/sitio\/wp-content\/uploads\/2023\/11\/Sin-titulo-1-1900x1266.jpg\" alt=\"\" class=\"wp-image-2146\" width=\"726\" height=\"483\" srcset=\"https:\/\/iesmaldones-cat.infd.edu.ar\/sitio\/wp-content\/uploads\/2023\/11\/Sin-titulo-1-1900x1266.jpg 1900w, https:\/\/iesmaldones-cat.infd.edu.ar\/sitio\/wp-content\/uploads\/2023\/11\/Sin-titulo-1-1000x666.jpg 1000w, https:\/\/iesmaldones-cat.infd.edu.ar\/sitio\/wp-content\/uploads\/2023\/11\/Sin-titulo-1-768x512.jpg 768w, https:\/\/iesmaldones-cat.infd.edu.ar\/sitio\/wp-content\/uploads\/2023\/11\/Sin-titulo-1-1536x1023.jpg 1536w, https:\/\/iesmaldones-cat.infd.edu.ar\/sitio\/wp-content\/uploads\/2023\/11\/Sin-titulo-1-2048x1364.jpg 2048w\" sizes=\"(max-width: 726px) 100vw, 726px\" \/><figcaption class=\"wp-element-caption\"><em><strong>Elecciones Centro de Estudiantes IES Estanislao Maldones:<br>Se comunica a la comunidad educativa y p\u00fablico en general los resultados de las elecciones del centro de estudiantes realizado el d\u00eda 3 de Noviembre del presente a\u00f1o, dando como ganador a la Lista 33 con el 47,6% de los votos.-<\/strong><\/em><\/figcaption><\/figure><\/div>\n\n<div class=\"wp-block-image\">\n<figure class=\"aligncenter size-full is-resized\"><a href=\"https:\/\/forms.gle\/UC2SW1j5ZRNfZjVMA\" target=\"_blank\" rel=\"noreferrer noopener\"><img decoding=\"async\" loading=\"lazy\" src=\"https:\/\/iesmaldones-cat.infd.edu.ar\/sitio\/wp-content\/uploads\/2023\/11\/centro-de-estudiantes.jpg\" alt=\"\" class=\"wp-image-2140\" width=\"668\" height=\"518\" srcset=\"https:\/\/iesmaldones-cat.infd.edu.ar\/sitio\/wp-content\/uploads\/2023\/11\/centro-de-estudiantes.jpg 1863w, https:\/\/iesmaldones-cat.infd.edu.ar\/sitio\/wp-content\/uploads\/2023\/11\/centro-de-estudiantes-1000x776.jpg 1000w, https:\/\/iesmaldones-cat.infd.edu.ar\/sitio\/wp-content\/uploads\/2023\/11\/centro-de-estudiantes-768x596.jpg 768w, https:\/\/iesmaldones-cat.infd.edu.ar\/sitio\/wp-content\/uploads\/2023\/11\/centro-de-estudiantes-1536x1191.jpg 1536w\" sizes=\"(max-width: 668px) 100vw, 668px\" \/><\/a><figcaption class=\"wp-element-caption\"><em><strong>Clic en la imagen<\/strong><\/em><\/figcaption><\/figure><\/div>\n\n\n<div class=\"wp-block-columns is-layout-flex wp-container-7\">\n<div class=\"wp-block-column is-layout-flow\">\n<figure class=\"wp-block-gallery has-nested-images columns-default is-cropped wp-block-gallery-1 is-layout-flex\">\n<figure class=\"wp-block-image size-large\"><a href=\"https:\/\/web.catamarca.edu.ar\/sitio\/noticias\/8195-2-llamado-a-concurso-para-la-cobertura-de-cargos-de-gestion-academica-y-auxiliar.html?fbclid=IwAR0CKnZGLK7hbJR_MvrwWGNA3s78VnD_jeBlMyTxlTwQGobHCmnH7-iSRco\" target=\"_blank\" rel=\"noreferrer noopener\"><img decoding=\"async\" loading=\"lazy\" width=\"1080\" height=\"1080\" src=\"https:\/\/iesmaldones-cat.infd.edu.ar\/sitio\/wp-content\/uploads\/2023\/09\/508753f6-5da4-4212-afef-912965ca7042-1.jpg\" alt=\"\" class=\"wp-image-2026\" srcset=\"https:\/\/iesmaldones-cat.infd.edu.ar\/sitio\/wp-content\/uploads\/2023\/09\/508753f6-5da4-4212-afef-912965ca7042-1.jpg 1080w, https:\/\/iesmaldones-cat.infd.edu.ar\/sitio\/wp-content\/uploads\/2023\/09\/508753f6-5da4-4212-afef-912965ca7042-1-1000x1000.jpg 1000w, https:\/\/iesmaldones-cat.infd.edu.ar\/sitio\/wp-content\/uploads\/2023\/09\/508753f6-5da4-4212-afef-912965ca7042-1-500x500.jpg 500w, https:\/\/iesmaldones-cat.infd.edu.ar\/sitio\/wp-content\/uploads\/2023\/09\/508753f6-5da4-4212-afef-912965ca7042-1-768x768.jpg 768w\" sizes=\"(max-width: 1080px) 100vw, 1080px\" \/><\/a><\/figure>\n<\/figure>\n<\/div>\n\n\n\n<div class=\"wp-block-column is-layout-flow\">\n<figure class=\"wp-block-gallery has-nested-images columns-default is-cropped wp-block-gallery-4 is-layout-flex\">\n<figure class=\"wp-block-image size-large\"><a href=\"https:\/\/web.catamarca.edu.ar\/sitio\/noticias\/8251-cronograma-del-4-proceso-de-concurso-2023-para-la-cobertura-de-interinatos-y-suplencias-en-el-nivel-superior.html\" target=\"_blank\" rel=\"noreferrer noopener\"><img decoding=\"async\" loading=\"lazy\" width=\"1080\" height=\"1080\" src=\"https:\/\/iesmaldones-cat.infd.edu.ar\/sitio\/wp-content\/uploads\/2023\/09\/56345_63846.jpg\" alt=\"\" class=\"wp-image-2086\" srcset=\"https:\/\/iesmaldones-cat.infd.edu.ar\/sitio\/wp-content\/uploads\/2023\/09\/56345_63846.jpg 1080w, https:\/\/iesmaldones-cat.infd.edu.ar\/sitio\/wp-content\/uploads\/2023\/09\/56345_63846-1000x1000.jpg 1000w, https:\/\/iesmaldones-cat.infd.edu.ar\/sitio\/wp-content\/uploads\/2023\/09\/56345_63846-500x500.jpg 500w, https:\/\/iesmaldones-cat.infd.edu.ar\/sitio\/wp-content\/uploads\/2023\/09\/56345_63846-768x768.jpg 768w\" sizes=\"(max-width: 1080px) 100vw, 1080px\" \/><\/a><\/figure>\n<\/figure>\n<\/div>\n<\/div>\n","protected":false},"excerpt":{"rendered":"","protected":false},"author":737,"featured_media":0,"parent":0,"menu_order":0,"comment_status":"closed","ping_status":"closed","template":"","meta":[],"acf":[],"_links":{"self":[{"href":"https:\/\/iesmaldones-cat.infd.edu.ar\/sitio\/wp-json\/wp\/v2\/pages\/2110"}],"collection":[{"href":"https:\/\/iesmaldones-cat.infd.edu.ar\/sitio\/wp-json\/wp\/v2\/pages"}],"about":[{"href":"https:\/\/iesmaldones-cat.infd.edu.ar\/sitio\/wp-json\/wp\/v2\/types\/page"}],"author":[{"embeddable":true,"href":"https:\/\/iesmaldones-cat.infd.edu.ar\/sitio\/wp-json\/wp\/v2\/users\/737"}],"replies":[{"embeddable":true,"href":"https:\/\/iesmaldones-cat.infd.edu.ar\/sitio\/wp-json\/wp\/v2\/comments?post=2110"}],"version-history":[{"count":3,"href":"https:\/\/iesmaldones-cat.infd.edu.ar\/sitio\/wp-json\/wp\/v2\/pages\/2110\/revisions"}],"predecessor-version":[{"id":2294,"href":"https:\/\/iesmaldones-cat.infd.edu.ar\/sitio\/wp-json\/wp\/v2\/pages\/2110\/revisions\/2294"}],"wp:attachment":[{"href":"https:\/\/iesmaldones-cat.infd.edu.ar\/sitio\/wp-json\/wp\/v2\/media?parent=2110"}],"curies":[{"name":"wp","href":"https:\/\/api.w.org\/{rel}","templated":true}]}}