{"id":2045,"date":"2023-09-25T08:30:08","date_gmt":"2023-09-25T11:30:08","guid":{"rendered":"https:\/\/iesmaldones-cat.infd.edu.ar\/sitio\/?page_id=2045"},"modified":"2023-09-25T08:35:41","modified_gmt":"2023-09-25T11:35:41","slug":"escuela-secundaria-n-77","status":"publish","type":"page","link":"https:\/\/iesmaldones-cat.infd.edu.ar\/sitio\/escuela-secundaria-n-77\/","title":{"rendered":"Escuela Secundaria N\u00b0 77"},"content":{"rendered":"\n<p>Iniciamos el di\u00e1logo con la directora de la escuela, y el dispositivo se pens\u00f3 para las \u00e1reas matem\u00e1tica &nbsp;y lengua del Ciclo B\u00e1sico y Ciencias Naturales del Ciclo orientado, atendiendo al alto \u00edndice de estudiantes desaprobados y la necesidad de repensar la evaluaci\u00f3n. La particularidad de esta escuela nos llev\u00f3 a generar y establecer el di\u00e1logo con los auxiliares docentes, quienes plantean otras problem\u00e1ticas como la alternancia en la asistencia de los alumnos que dificulta un seguimiento de los aprendizajes. Actualmente, nos encontramos dise\u00f1ando un proyecto integrado que articule ciclo b\u00e1sico y orientado, desde la perspectiva te\u00f3rica y los aportes de la did\u00e1ctica contempor\u00e1nea y las did\u00e1cticas espec\u00edficas, con el dise\u00f1o de actividades l\u00fadicas y materiales did\u00e1ctico.<\/p>\n\n\n\n<figure class=\"wp-block-gallery has-nested-images columns-default is-cropped wp-block-gallery-1 is-layout-flex\">\n<figure class=\"wp-block-image size-large\"><img decoding=\"async\" loading=\"lazy\" width=\"1900\" height=\"887\" data-id=\"2047\"  src=\"https:\/\/iesmaldones-cat.infd.edu.ar\/sitio\/wp-content\/uploads\/2023\/09\/20230818_153922-1900x887.jpg\" alt=\"\" class=\"wp-image-2047\" srcset=\"https:\/\/iesmaldones-cat.infd.edu.ar\/sitio\/wp-content\/uploads\/2023\/09\/20230818_153922-1900x887.jpg 1900w, https:\/\/iesmaldones-cat.infd.edu.ar\/sitio\/wp-content\/uploads\/2023\/09\/20230818_153922-1000x467.jpg 1000w, https:\/\/iesmaldones-cat.infd.edu.ar\/sitio\/wp-content\/uploads\/2023\/09\/20230818_153922-768x359.jpg 768w, https:\/\/iesmaldones-cat.infd.edu.ar\/sitio\/wp-content\/uploads\/2023\/09\/20230818_153922-1536x717.jpg 1536w, https:\/\/iesmaldones-cat.infd.edu.ar\/sitio\/wp-content\/uploads\/2023\/09\/20230818_153922-2048x956.jpg 2048w\" sizes=\"(max-width: 1900px) 100vw, 1900px\" \/><\/figure>\n\n\n\n<figure class=\"wp-block-image size-large\"><img decoding=\"async\" loading=\"lazy\" width=\"1900\" height=\"887\" data-id=\"2048\"  src=\"https:\/\/iesmaldones-cat.infd.edu.ar\/sitio\/wp-content\/uploads\/2023\/09\/20230818_153924-1900x887.jpg\" alt=\"\" class=\"wp-image-2048\" srcset=\"https:\/\/iesmaldones-cat.infd.edu.ar\/sitio\/wp-content\/uploads\/2023\/09\/20230818_153924-1900x887.jpg 1900w, https:\/\/iesmaldones-cat.infd.edu.ar\/sitio\/wp-content\/uploads\/2023\/09\/20230818_153924-1000x467.jpg 1000w, https:\/\/iesmaldones-cat.infd.edu.ar\/sitio\/wp-content\/uploads\/2023\/09\/20230818_153924-768x359.jpg 768w, https:\/\/iesmaldones-cat.infd.edu.ar\/sitio\/wp-content\/uploads\/2023\/09\/20230818_153924-1536x717.jpg 1536w, https:\/\/iesmaldones-cat.infd.edu.ar\/sitio\/wp-content\/uploads\/2023\/09\/20230818_153924-2048x956.jpg 2048w\" sizes=\"(max-width: 1900px) 100vw, 1900px\" \/><\/figure>\n\n\n\n<figure class=\"wp-block-image size-large\"><img decoding=\"async\" loading=\"lazy\" width=\"960\" height=\"502\" data-id=\"2046\"  src=\"https:\/\/iesmaldones-cat.infd.edu.ar\/sitio\/wp-content\/uploads\/2023\/09\/107514979_3187515197962278_6561239325010088324_n.jpg\" alt=\"\" class=\"wp-image-2046\" srcset=\"https:\/\/iesmaldones-cat.infd.edu.ar\/sitio\/wp-content\/uploads\/2023\/09\/107514979_3187515197962278_6561239325010088324_n.jpg 960w, https:\/\/iesmaldones-cat.infd.edu.ar\/sitio\/wp-content\/uploads\/2023\/09\/107514979_3187515197962278_6561239325010088324_n-768x402.jpg 768w\" sizes=\"(max-width: 960px) 100vw, 960px\" \/><\/figure>\n<\/figure>\n","protected":false},"excerpt":{"rendered":"<p>Iniciamos el di\u00e1logo con la directora de la escuela, y el dispositivo se pens\u00f3 para las \u00e1reas matem\u00e1tica &nbsp;y lengua del Ciclo B\u00e1sico y Ciencias Naturales del Ciclo orientado, atendiendo al alto \u00edndice de estudiantes desaprobados y la necesidad de repensar la evaluaci\u00f3n. La particularidad de esta escuela nos llev\u00f3 a generar y establecer el &#8230; <a title=\"Escuela Secundaria N\u00b0 77\" class=\"read-more\" href=\"https:\/\/iesmaldones-cat.infd.edu.ar\/sitio\/escuela-secundaria-n-77\/\" aria-label=\"More on Escuela Secundaria N\u00b0 77\">[+]<\/a><\/p>\n","protected":false},"author":20,"featured_media":0,"parent":0,"menu_order":0,"comment_status":"closed","ping_status":"closed","template":"","meta":[],"acf":[],"_links":{"self":[{"href":"https:\/\/iesmaldones-cat.infd.edu.ar\/sitio\/wp-json\/wp\/v2\/pages\/2045"}],"collection":[{"href":"https:\/\/iesmaldones-cat.infd.edu.ar\/sitio\/wp-json\/wp\/v2\/pages"}],"about":[{"href":"https:\/\/iesmaldones-cat.infd.edu.ar\/sitio\/wp-json\/wp\/v2\/types\/page"}],"author":[{"embeddable":true,"href":"https:\/\/iesmaldones-cat.infd.edu.ar\/sitio\/wp-json\/wp\/v2\/users\/20"}],"replies":[{"embeddable":true,"href":"https:\/\/iesmaldones-cat.infd.edu.ar\/sitio\/wp-json\/wp\/v2\/comments?post=2045"}],"version-history":[{"count":2,"href":"https:\/\/iesmaldones-cat.infd.edu.ar\/sitio\/wp-json\/wp\/v2\/pages\/2045\/revisions"}],"predecessor-version":[{"id":2053,"href":"https:\/\/iesmaldones-cat.infd.edu.ar\/sitio\/wp-json\/wp\/v2\/pages\/2045\/revisions\/2053"}],"wp:attachment":[{"href":"https:\/\/iesmaldones-cat.infd.edu.ar\/sitio\/wp-json\/wp\/v2\/media?parent=2045"}],"curies":[{"name":"wp","href":"https:\/\/api.w.org\/{rel}","templated":true}]}}