{"id":2038,"date":"2023-09-25T08:25:22","date_gmt":"2023-09-25T11:25:22","guid":{"rendered":"https:\/\/iesmaldones-cat.infd.edu.ar\/sitio\/?page_id=2038"},"modified":"2023-09-25T08:36:35","modified_gmt":"2023-09-25T11:36:35","slug":"escuela-secundaria-n-52-banda-de-varela","status":"publish","type":"page","link":"https:\/\/iesmaldones-cat.infd.edu.ar\/sitio\/escuela-secundaria-n-52-banda-de-varela\/","title":{"rendered":"Escuela Secundaria N\u00b0 52 Banda de Varela"},"content":{"rendered":"\n<p>&nbsp;<\/p>\n\n\n\n<p>&nbsp;Las&nbsp; Profesoras Flavia Salas, Laura y Marcela D\u00edaz pertenecientes al Proyecto APE del IES Estanislao Maldones.&nbsp; Realizamos el ingreso el d\u00eda 7 de Agosto en el turno ma\u00f1ana&nbsp; a la Escuela Secundaria Banda de Varela \u2013 Capital. Esta Instituci\u00f2n est\u00e1 a cargo del Vice Director Jorge Tom\u00e1s Soria y fuimos recibidas por la Secretaria Prof. Ver\u00f3nica Coronel&nbsp; y el equipo de Preceptoras Campero Julieta, Carre\u00f1o M\u00f3nica , Ppeiffer Victoria y Ferreo Marisol. En nuestro encuentro pudimos realizar entrevistas para recabar informaci\u00f3n acerca de la instituci\u00f3n y de los alumnos\/as que concurren en ella. Estos datos ser\u00e1n de sumo inter\u00e9s para realizar el diagn\u00f3stico institucional.<\/p>\n\n\n\n<p>Como actividades previstas se realizar\u00e1 un taller de capacitaci\u00f3n sobre la construcci\u00f3n de proyectos integrados el mismo estar\u00e1 dirigido para los docentes de matem\u00e1tica y Lengua y Literatura con quienes vamos a trabajar incorporando contenidos sobre Educaci\u00f3n Sexual Integral.<\/p>\n\n\n\n<p>Para el mes de Septiembre en&nbsp; la semana del Estudiante acompa\u00f1aremos en el desarrollo de&nbsp; estos proyectos en 1 a\u00f1o div. I \u2013 II y 2 a\u00f1o div. I-II del Ciclo B\u00e1sico Turno Ma\u00f1ana.<\/p>\n\n\n\n<figure class=\"wp-block-gallery has-nested-images columns-default is-cropped wp-block-gallery-1 is-layout-flex\">\n<figure class=\"wp-block-image size-large\"><img decoding=\"async\" loading=\"lazy\" width=\"456\" height=\"342\" data-id=\"2039\"  src=\"https:\/\/iesmaldones-cat.infd.edu.ar\/sitio\/wp-content\/uploads\/2023\/09\/4.png\" alt=\"\" class=\"wp-image-2039\"\/><\/figure>\n\n\n\n<figure class=\"wp-block-image size-large\"><img decoding=\"async\" loading=\"lazy\" width=\"412\" height=\"309\" data-id=\"2040\"  src=\"https:\/\/iesmaldones-cat.infd.edu.ar\/sitio\/wp-content\/uploads\/2023\/09\/5.png\" alt=\"\" class=\"wp-image-2040\"\/><\/figure>\n\n\n\n<figure class=\"wp-block-image size-large\"><img decoding=\"async\" loading=\"lazy\" width=\"1280\" height=\"960\" data-id=\"2041\"  src=\"https:\/\/iesmaldones-cat.infd.edu.ar\/sitio\/wp-content\/uploads\/2023\/09\/IMG-20230912-WA0016.jpg\" alt=\"\" class=\"wp-image-2041\" srcset=\"https:\/\/iesmaldones-cat.infd.edu.ar\/sitio\/wp-content\/uploads\/2023\/09\/IMG-20230912-WA0016.jpg 1280w, https:\/\/iesmaldones-cat.infd.edu.ar\/sitio\/wp-content\/uploads\/2023\/09\/IMG-20230912-WA0016-1000x750.jpg 1000w, https:\/\/iesmaldones-cat.infd.edu.ar\/sitio\/wp-content\/uploads\/2023\/09\/IMG-20230912-WA0016-768x576.jpg 768w\" sizes=\"(max-width: 1280px) 100vw, 1280px\" \/><\/figure>\n\n\n\n<figure class=\"wp-block-image size-large\"><img decoding=\"async\" loading=\"lazy\" width=\"1280\" height=\"960\" data-id=\"2042\"  src=\"https:\/\/iesmaldones-cat.infd.edu.ar\/sitio\/wp-content\/uploads\/2023\/09\/IMG-20230912-WA0017.jpg\" alt=\"\" class=\"wp-image-2042\" srcset=\"https:\/\/iesmaldones-cat.infd.edu.ar\/sitio\/wp-content\/uploads\/2023\/09\/IMG-20230912-WA0017.jpg 1280w, https:\/\/iesmaldones-cat.infd.edu.ar\/sitio\/wp-content\/uploads\/2023\/09\/IMG-20230912-WA0017-1000x750.jpg 1000w, https:\/\/iesmaldones-cat.infd.edu.ar\/sitio\/wp-content\/uploads\/2023\/09\/IMG-20230912-WA0017-768x576.jpg 768w\" sizes=\"(max-width: 1280px) 100vw, 1280px\" \/><\/figure>\n<\/figure>\n","protected":false},"excerpt":{"rendered":"<p>&nbsp; &nbsp;Las&nbsp; Profesoras Flavia Salas, Laura y Marcela D\u00edaz pertenecientes al Proyecto APE del IES Estanislao Maldones.&nbsp; Realizamos el ingreso el d\u00eda 7 de Agosto en el turno ma\u00f1ana&nbsp; a la Escuela Secundaria Banda de Varela \u2013 Capital. Esta Instituci\u00f2n est\u00e1 a cargo del Vice Director Jorge Tom\u00e1s Soria y fuimos recibidas por la Secretaria &#8230; <a title=\"Escuela Secundaria N\u00b0 52 Banda de Varela\" class=\"read-more\" href=\"https:\/\/iesmaldones-cat.infd.edu.ar\/sitio\/escuela-secundaria-n-52-banda-de-varela\/\" aria-label=\"More on Escuela Secundaria N\u00b0 52 Banda de Varela\">[+]<\/a><\/p>\n","protected":false},"author":20,"featured_media":0,"parent":0,"menu_order":0,"comment_status":"closed","ping_status":"closed","template":"","meta":[],"acf":[],"_links":{"self":[{"href":"https:\/\/iesmaldones-cat.infd.edu.ar\/sitio\/wp-json\/wp\/v2\/pages\/2038"}],"collection":[{"href":"https:\/\/iesmaldones-cat.infd.edu.ar\/sitio\/wp-json\/wp\/v2\/pages"}],"about":[{"href":"https:\/\/iesmaldones-cat.infd.edu.ar\/sitio\/wp-json\/wp\/v2\/types\/page"}],"author":[{"embeddable":true,"href":"https:\/\/iesmaldones-cat.infd.edu.ar\/sitio\/wp-json\/wp\/v2\/users\/20"}],"replies":[{"embeddable":true,"href":"https:\/\/iesmaldones-cat.infd.edu.ar\/sitio\/wp-json\/wp\/v2\/comments?post=2038"}],"version-history":[{"count":2,"href":"https:\/\/iesmaldones-cat.infd.edu.ar\/sitio\/wp-json\/wp\/v2\/pages\/2038\/revisions"}],"predecessor-version":[{"id":2054,"href":"https:\/\/iesmaldones-cat.infd.edu.ar\/sitio\/wp-json\/wp\/v2\/pages\/2038\/revisions\/2054"}],"wp:attachment":[{"href":"https:\/\/iesmaldones-cat.infd.edu.ar\/sitio\/wp-json\/wp\/v2\/media?parent=2038"}],"curies":[{"name":"wp","href":"https:\/\/api.w.org\/{rel}","templated":true}]}}