{"id":1996,"date":"2023-09-15T21:45:33","date_gmt":"2023-09-16T00:45:33","guid":{"rendered":"https:\/\/iesmaldones-cat.infd.edu.ar\/sitio\/?page_id=1996"},"modified":"2023-09-15T22:25:11","modified_gmt":"2023-09-16T01:25:11","slug":"escuela-agroganadera-fray-vicente-alcaraz-la-merced","status":"publish","type":"page","link":"https:\/\/iesmaldones-cat.infd.edu.ar\/sitio\/escuela-agroganadera-fray-vicente-alcaraz-la-merced\/","title":{"rendered":"Escuela Agroganadera Fray Vicente Alcar\u00e1z- La Merced"},"content":{"rendered":"<p>Coordinado por el Prof. Sergio Quinteros, se realiz\u00f3 junto a los Profesores de APE: Diego Novaira, Lucia Barrionuevo, Lidia Reales el 1\u00b0 Encuentro. Con la finalidad de:<\/p>\n<ul>\n<li>Socializar la propuesta de intervenci\u00f3n con colegas de la instituci\u00f3n involucrada.-<\/li>\n<li>Reflexionar con pares los saberes experienciales sobre la tem\u00e1tica a desarrollar en el contexto institucional.-<\/li>\n<li>Revisar supuestos y modelos de ense\u00f1anza que subyacen a las pr\u00e1cticas como objetos de an\u00e1lisis para promover cambios.-<\/li>\n<\/ul>\n<p>La Ejecuci\u00f3n del dispositivo de apoyo pedag\u00f3gico en 2 escuelas del tejido vincular al IES. Estanislao Maldones del Dpto. Pacl\u00edn, esto demand\u00f3 una serie de acciones divididas en dos momentos, un <strong>Primer momento<\/strong> de definici\u00f3n de la tem\u00e1tica a desarrollar (violencia escolar)&nbsp; y protocolizaci\u00f3n de los abordajes institucionales y un <strong>segundo momento<\/strong> de ejecuci\u00f3n del apoyo pedag\u00f3gico.<\/p>\n<p>En \u00e9sta instancia del segundo momento, la autoridad Institucional en la persona del Prof. Olovaczuk Ricardo habilit\u00f3 en el local escolar, un espacio de trabajo para el d\u00eda <strong>Jueves 31 de Agosto a horas 9.30<\/strong> <strong>am.<\/strong> Para que el equipo APE Pacl\u00edn socialice con el cuerpo docente y autoridades la propuesta de intervenci\u00f3n, la discusi\u00f3n y an\u00e1lisis de acciones a desarrollar siempre en el marco de respeto de los conocimientos all\u00ed construidos y los acuerdos alcanzados entre el colectivo docente de la instituci\u00f3n participante.<\/p>\n\n\n<figure class=\"wp-block-gallery has-nested-images columns-default is-cropped wp-block-gallery-1 is-layout-flex\">\n<figure class=\"wp-block-image size-large\"><img decoding=\"async\" loading=\"lazy\" width=\"1900\" height=\"887\" data-id=\"2015\"  src=\"https:\/\/iesmaldones-cat.infd.edu.ar\/sitio\/wp-content\/uploads\/2023\/09\/20230831_100448-1-1900x887.jpg\" alt=\"\" class=\"wp-image-2015\" srcset=\"https:\/\/iesmaldones-cat.infd.edu.ar\/sitio\/wp-content\/uploads\/2023\/09\/20230831_100448-1-1900x887.jpg 1900w, https:\/\/iesmaldones-cat.infd.edu.ar\/sitio\/wp-content\/uploads\/2023\/09\/20230831_100448-1-1000x467.jpg 1000w, https:\/\/iesmaldones-cat.infd.edu.ar\/sitio\/wp-content\/uploads\/2023\/09\/20230831_100448-1-768x359.jpg 768w, https:\/\/iesmaldones-cat.infd.edu.ar\/sitio\/wp-content\/uploads\/2023\/09\/20230831_100448-1-1536x717.jpg 1536w, https:\/\/iesmaldones-cat.infd.edu.ar\/sitio\/wp-content\/uploads\/2023\/09\/20230831_100448-1-2048x956.jpg 2048w\" sizes=\"(max-width: 1900px) 100vw, 1900px\" \/><\/figure>\n\n\n\n<figure class=\"wp-block-image size-large\"><img decoding=\"async\" loading=\"lazy\" width=\"1900\" height=\"887\" data-id=\"2018\"  src=\"https:\/\/iesmaldones-cat.infd.edu.ar\/sitio\/wp-content\/uploads\/2023\/09\/20230831_100453-1900x887.jpg\" alt=\"\" class=\"wp-image-2018\" srcset=\"https:\/\/iesmaldones-cat.infd.edu.ar\/sitio\/wp-content\/uploads\/2023\/09\/20230831_100453-1900x887.jpg 1900w, https:\/\/iesmaldones-cat.infd.edu.ar\/sitio\/wp-content\/uploads\/2023\/09\/20230831_100453-1000x467.jpg 1000w, https:\/\/iesmaldones-cat.infd.edu.ar\/sitio\/wp-content\/uploads\/2023\/09\/20230831_100453-768x359.jpg 768w, https:\/\/iesmaldones-cat.infd.edu.ar\/sitio\/wp-content\/uploads\/2023\/09\/20230831_100453-1536x717.jpg 1536w, https:\/\/iesmaldones-cat.infd.edu.ar\/sitio\/wp-content\/uploads\/2023\/09\/20230831_100453-2048x956.jpg 2048w\" sizes=\"(max-width: 1900px) 100vw, 1900px\" \/><\/figure>\n\n\n\n<figure class=\"wp-block-image size-large\"><img decoding=\"async\" loading=\"lazy\" width=\"1900\" height=\"887\" data-id=\"2017\"  src=\"https:\/\/iesmaldones-cat.infd.edu.ar\/sitio\/wp-content\/uploads\/2023\/09\/20230831_100513-1900x887.jpg\" alt=\"\" class=\"wp-image-2017\" srcset=\"https:\/\/iesmaldones-cat.infd.edu.ar\/sitio\/wp-content\/uploads\/2023\/09\/20230831_100513-1900x887.jpg 1900w, https:\/\/iesmaldones-cat.infd.edu.ar\/sitio\/wp-content\/uploads\/2023\/09\/20230831_100513-1000x467.jpg 1000w, https:\/\/iesmaldones-cat.infd.edu.ar\/sitio\/wp-content\/uploads\/2023\/09\/20230831_100513-768x359.jpg 768w, https:\/\/iesmaldones-cat.infd.edu.ar\/sitio\/wp-content\/uploads\/2023\/09\/20230831_100513-1536x717.jpg 1536w, https:\/\/iesmaldones-cat.infd.edu.ar\/sitio\/wp-content\/uploads\/2023\/09\/20230831_100513-2048x956.jpg 2048w\" sizes=\"(max-width: 1900px) 100vw, 1900px\" \/><\/figure>\n\n\n\n<figure class=\"wp-block-image size-large\"><img decoding=\"async\" loading=\"lazy\" width=\"1900\" height=\"887\" data-id=\"2016\"  src=\"https:\/\/iesmaldones-cat.infd.edu.ar\/sitio\/wp-content\/uploads\/2023\/09\/20230831_100542-1900x887.jpg\" alt=\"\" class=\"wp-image-2016\" srcset=\"https:\/\/iesmaldones-cat.infd.edu.ar\/sitio\/wp-content\/uploads\/2023\/09\/20230831_100542-1900x887.jpg 1900w, https:\/\/iesmaldones-cat.infd.edu.ar\/sitio\/wp-content\/uploads\/2023\/09\/20230831_100542-1000x467.jpg 1000w, https:\/\/iesmaldones-cat.infd.edu.ar\/sitio\/wp-content\/uploads\/2023\/09\/20230831_100542-768x359.jpg 768w, https:\/\/iesmaldones-cat.infd.edu.ar\/sitio\/wp-content\/uploads\/2023\/09\/20230831_100542-1536x717.jpg 1536w, https:\/\/iesmaldones-cat.infd.edu.ar\/sitio\/wp-content\/uploads\/2023\/09\/20230831_100542-2048x956.jpg 2048w\" sizes=\"(max-width: 1900px) 100vw, 1900px\" \/><\/figure>\n<\/figure>\n","protected":false},"excerpt":{"rendered":"<p>Coordinado por el Prof. Sergio Quinteros, se realiz\u00f3 junto a los Profesores de APE: Diego Novaira, Lucia Barrionuevo, Lidia Reales el 1\u00b0 Encuentro. Con la finalidad de: Socializar la propuesta de intervenci\u00f3n con colegas de la instituci\u00f3n involucrada.- Reflexionar con pares los saberes experienciales sobre la tem\u00e1tica a desarrollar en el contexto institucional.- Revisar supuestos &#8230; <a title=\"Escuela Agroganadera Fray Vicente Alcar\u00e1z- La Merced\" class=\"read-more\" href=\"https:\/\/iesmaldones-cat.infd.edu.ar\/sitio\/escuela-agroganadera-fray-vicente-alcaraz-la-merced\/\" aria-label=\"More on Escuela Agroganadera Fray Vicente Alcar\u00e1z- La Merced\">[+]<\/a><\/p>\n","protected":false},"author":20,"featured_media":0,"parent":0,"menu_order":0,"comment_status":"closed","ping_status":"closed","template":"","meta":[],"acf":[],"_links":{"self":[{"href":"https:\/\/iesmaldones-cat.infd.edu.ar\/sitio\/wp-json\/wp\/v2\/pages\/1996"}],"collection":[{"href":"https:\/\/iesmaldones-cat.infd.edu.ar\/sitio\/wp-json\/wp\/v2\/pages"}],"about":[{"href":"https:\/\/iesmaldones-cat.infd.edu.ar\/sitio\/wp-json\/wp\/v2\/types\/page"}],"author":[{"embeddable":true,"href":"https:\/\/iesmaldones-cat.infd.edu.ar\/sitio\/wp-json\/wp\/v2\/users\/20"}],"replies":[{"embeddable":true,"href":"https:\/\/iesmaldones-cat.infd.edu.ar\/sitio\/wp-json\/wp\/v2\/comments?post=1996"}],"version-history":[{"count":5,"href":"https:\/\/iesmaldones-cat.infd.edu.ar\/sitio\/wp-json\/wp\/v2\/pages\/1996\/revisions"}],"predecessor-version":[{"id":2019,"href":"https:\/\/iesmaldones-cat.infd.edu.ar\/sitio\/wp-json\/wp\/v2\/pages\/1996\/revisions\/2019"}],"wp:attachment":[{"href":"https:\/\/iesmaldones-cat.infd.edu.ar\/sitio\/wp-json\/wp\/v2\/media?parent=1996"}],"curies":[{"name":"wp","href":"https:\/\/api.w.org\/{rel}","templated":true}]}}