{"id":1988,"date":"2023-09-15T21:43:34","date_gmt":"2023-09-16T00:43:34","guid":{"rendered":"https:\/\/iesmaldones-cat.infd.edu.ar\/sitio\/?page_id=1988"},"modified":"2023-09-15T22:00:14","modified_gmt":"2023-09-16T01:00:14","slug":"escuela-secundaria-n61-balcosna-anexo-n1-la-merced","status":"publish","type":"page","link":"https:\/\/iesmaldones-cat.infd.edu.ar\/sitio\/escuela-secundaria-n61-balcosna-anexo-n1-la-merced\/","title":{"rendered":"Escuela Secundaria N\u00b061 Balcosna &#8211; Anexo N\u00b01 La Merced"},"content":{"rendered":"\n<p class=\"has-text-align-center has-electric-grass-gradient-background has-background has-medium-font-size\"><strong>PRIMER ENCUENTRO<\/strong> <\/p>\n\n\n\n<p>El d\u00eda 15 de Agosto se realiz\u00f3 en Primer Encuentro en ESCUELA SECUNDARIA N\u00b0 61 ANEXO N\u00b01 \u2013 LA MERCED, el mismo fue coordinado por&nbsp; Profesores Sergio Quinteros y Diego Novaira. El encuentro tuvo como objetivos: <\/p>\n\n\n\n<ul>\n<li>Socializar la propuesta de intervenci\u00f3n con colegas de la instituci\u00f3n involucrada.-<\/li>\n<\/ul>\n\n\n\n<ul>\n<li> Reflexionar con pares los saberes experienciales sobre la tem\u00e1tica a desarrollar en el contexto institucional.-<\/li>\n<\/ul>\n\n\n\n<ul>\n<li>Revisar supuestos y modelos de ense\u00f1anza que subyacen a las pr\u00e1cticas como objetos de an\u00e1lisis para promover cambios.-<\/li>\n<\/ul>\n\n\n\n<p>Dise\u00f1o del dispositivo de apoyo pedag\u00f3gico en 2 escuelas del tejido vincular al IES. Estanislao Maldones del Dpto. Pacl\u00edn, esto demand\u00f3 una serie de acciones divididas en dos momentos, un <strong>primer momento<\/strong> de definici\u00f3n de la tem\u00e1tica a desarrollar (violencia escolar)&nbsp; y protocolizaci\u00f3n de los abordajes institucionales y un <strong>segundo momento<\/strong> de ejecuci\u00f3n del apoyo pedag\u00f3gico.<\/p>\n\n\n\n<p>En \u00e9sta instancia del segundo momento, la autoridad Institucional en la persona del Prof. Olmos Rodolfo Antonio, gener\u00f3 un espacio de trabajo para poder socializar la propuesta de intervenci\u00f3n, la discusi\u00f3n y an\u00e1lisis de acciones a desarrollar siempre en el marco de respeto de los conocimientos all\u00ed construidos y los acuerdos alcanzados entre el colectivo docente de la instituci\u00f3n participante.<\/p>\n\n\n\n<figure class=\"wp-block-gallery has-nested-images columns-default is-cropped wp-block-gallery-1 is-layout-flex\">\n<figure class=\"wp-block-image size-large\"><img decoding=\"async\" loading=\"lazy\" width=\"1280\" height=\"960\" data-id=\"1990\"  src=\"https:\/\/iesmaldones-cat.infd.edu.ar\/sitio\/wp-content\/uploads\/2023\/09\/IMG-20230815-WA0031-1.jpg\" alt=\"\" class=\"wp-image-1990\" srcset=\"https:\/\/iesmaldones-cat.infd.edu.ar\/sitio\/wp-content\/uploads\/2023\/09\/IMG-20230815-WA0031-1.jpg 1280w, https:\/\/iesmaldones-cat.infd.edu.ar\/sitio\/wp-content\/uploads\/2023\/09\/IMG-20230815-WA0031-1-1000x750.jpg 1000w, https:\/\/iesmaldones-cat.infd.edu.ar\/sitio\/wp-content\/uploads\/2023\/09\/IMG-20230815-WA0031-1-768x576.jpg 768w\" sizes=\"(max-width: 1280px) 100vw, 1280px\" \/><\/figure>\n\n\n\n<figure class=\"wp-block-image size-large\"><img decoding=\"async\" loading=\"lazy\" width=\"1280\" height=\"960\" data-id=\"1989\"  src=\"https:\/\/iesmaldones-cat.infd.edu.ar\/sitio\/wp-content\/uploads\/2023\/09\/IMG-20230815-WA0032-1.jpg\" alt=\"\" class=\"wp-image-1989\" srcset=\"https:\/\/iesmaldones-cat.infd.edu.ar\/sitio\/wp-content\/uploads\/2023\/09\/IMG-20230815-WA0032-1.jpg 1280w, https:\/\/iesmaldones-cat.infd.edu.ar\/sitio\/wp-content\/uploads\/2023\/09\/IMG-20230815-WA0032-1-1000x750.jpg 1000w, https:\/\/iesmaldones-cat.infd.edu.ar\/sitio\/wp-content\/uploads\/2023\/09\/IMG-20230815-WA0032-1-768x576.jpg 768w\" sizes=\"(max-width: 1280px) 100vw, 1280px\" \/><\/figure>\n\n\n\n<figure class=\"wp-block-image size-large\"><img decoding=\"async\" loading=\"lazy\" width=\"1280\" height=\"960\" data-id=\"1993\"  src=\"https:\/\/iesmaldones-cat.infd.edu.ar\/sitio\/wp-content\/uploads\/2023\/09\/IMG-20230815-WA0033-1.jpg\" alt=\"\" class=\"wp-image-1993\" srcset=\"https:\/\/iesmaldones-cat.infd.edu.ar\/sitio\/wp-content\/uploads\/2023\/09\/IMG-20230815-WA0033-1.jpg 1280w, https:\/\/iesmaldones-cat.infd.edu.ar\/sitio\/wp-content\/uploads\/2023\/09\/IMG-20230815-WA0033-1-1000x750.jpg 1000w, https:\/\/iesmaldones-cat.infd.edu.ar\/sitio\/wp-content\/uploads\/2023\/09\/IMG-20230815-WA0033-1-768x576.jpg 768w\" sizes=\"(max-width: 1280px) 100vw, 1280px\" \/><\/figure>\n\n\n\n<figure class=\"wp-block-image size-large\"><img decoding=\"async\" loading=\"lazy\" width=\"1280\" height=\"960\" data-id=\"1991\"  src=\"https:\/\/iesmaldones-cat.infd.edu.ar\/sitio\/wp-content\/uploads\/2023\/09\/IMG-20230815-WA0034-1.jpg\" alt=\"\" class=\"wp-image-1991\" srcset=\"https:\/\/iesmaldones-cat.infd.edu.ar\/sitio\/wp-content\/uploads\/2023\/09\/IMG-20230815-WA0034-1.jpg 1280w, https:\/\/iesmaldones-cat.infd.edu.ar\/sitio\/wp-content\/uploads\/2023\/09\/IMG-20230815-WA0034-1-1000x750.jpg 1000w, https:\/\/iesmaldones-cat.infd.edu.ar\/sitio\/wp-content\/uploads\/2023\/09\/IMG-20230815-WA0034-1-768x576.jpg 768w\" sizes=\"(max-width: 1280px) 100vw, 1280px\" \/><\/figure>\n\n\n\n<figure class=\"wp-block-image size-large\"><img decoding=\"async\" loading=\"lazy\" width=\"1280\" height=\"960\" data-id=\"1992\"  src=\"https:\/\/iesmaldones-cat.infd.edu.ar\/sitio\/wp-content\/uploads\/2023\/09\/IMG-20230815-WA0035-1.jpg\" alt=\"\" class=\"wp-image-1992\" srcset=\"https:\/\/iesmaldones-cat.infd.edu.ar\/sitio\/wp-content\/uploads\/2023\/09\/IMG-20230815-WA0035-1.jpg 1280w, https:\/\/iesmaldones-cat.infd.edu.ar\/sitio\/wp-content\/uploads\/2023\/09\/IMG-20230815-WA0035-1-1000x750.jpg 1000w, https:\/\/iesmaldones-cat.infd.edu.ar\/sitio\/wp-content\/uploads\/2023\/09\/IMG-20230815-WA0035-1-768x576.jpg 768w\" sizes=\"(max-width: 1280px) 100vw, 1280px\" \/><\/figure>\n<\/figure>\n\n\n\n<p class=\"has-text-align-center has-luminous-dusk-gradient-background has-background has-medium-font-size\"><strong>SEGUNDO ENCUENTRO <\/strong><\/p>\n\n\n<p>Coordinado por el Prof. Sergio Quinteros, se realiz\u00f3 junto a los Profesores de APE: Diego Novaira, Lucia Barrionuevo, Lidia Reales el 2\u00b0 Encuentro.<\/p>\n<p>En el primer momento se present\u00f3 como invitada a Prof. Analia Peralta especalista en la Tem\u00e1tica de Violencia Escolar. El encuentro tuvo como objetivos:<\/p>\n<ul>\n<li>Acercar a los participantes a la tem\u00e1tica para lograr comprender sus causas y conocer herramientas de prevenci\u00f3n y resoluci\u00f3n de este conflicto.<\/li>\n<li>Establecer planes de detecci\u00f3n y prevenci\u00f3n educativa\u00a0para\u00a0disminuir dichas problem\u00e1ticas.<\/li>\n<li>Comprender y reconocer los comportamientos de\u00a0bullying\u00a0y cyberbullying en adolescentes.\u00a0<\/li>\n<\/ul>\n<p>La violencia en general y sobre todo en el \u00e1mbito\u00a0 escolar, es un tema de actualidad que preocupa a todos los actores de las escuelas involucradas del departamento. Es por ello que desde el proyecto\u00a0 APE y como equipo Paclin, asumimos el compromiso de trabajar propuestas de mejora construidas entre colegas de ambas instituciones, de manera colaborativa y haciendo de \u00e9stas una herramienta que lleve a cabo experiencias interpeladoras y transformadoras.\u00a0<\/p>\n<p>En el marco del Segundo Momento (ejecuci\u00f3n del Apoyo Pedag\u00f3gico) se procede a desarrollar el segundo encuentro que consta de un taller informativo a cargo de la Profesora Anal\u00eda Peralta, especialista en la tem\u00e1tica.\u00a0<\/p>\n<p>\u00a0<\/p>\n\n\n<figure class=\"wp-block-gallery has-nested-images columns-default is-cropped wp-block-gallery-3 is-layout-flex\">\n<figure class=\"wp-block-image size-large\"><img decoding=\"async\" loading=\"lazy\" width=\"1062\" height=\"1062\" data-id=\"2003\"  src=\"https:\/\/iesmaldones-cat.infd.edu.ar\/sitio\/wp-content\/uploads\/2023\/09\/IMG-20230828-WA0073.jpg\" alt=\"\" class=\"wp-image-2003\" srcset=\"https:\/\/iesmaldones-cat.infd.edu.ar\/sitio\/wp-content\/uploads\/2023\/09\/IMG-20230828-WA0073.jpg 1062w, https:\/\/iesmaldones-cat.infd.edu.ar\/sitio\/wp-content\/uploads\/2023\/09\/IMG-20230828-WA0073-1000x1000.jpg 1000w, https:\/\/iesmaldones-cat.infd.edu.ar\/sitio\/wp-content\/uploads\/2023\/09\/IMG-20230828-WA0073-500x500.jpg 500w, https:\/\/iesmaldones-cat.infd.edu.ar\/sitio\/wp-content\/uploads\/2023\/09\/IMG-20230828-WA0073-768x768.jpg 768w\" sizes=\"(max-width: 1062px) 100vw, 1062px\" \/><\/figure>\n\n\n\n<figure class=\"wp-block-image size-large\"><img decoding=\"async\" loading=\"lazy\" width=\"1280\" height=\"960\" data-id=\"2004\"  src=\"https:\/\/iesmaldones-cat.infd.edu.ar\/sitio\/wp-content\/uploads\/2023\/09\/IMG-20230828-WA0074.jpg\" alt=\"\" class=\"wp-image-2004\" srcset=\"https:\/\/iesmaldones-cat.infd.edu.ar\/sitio\/wp-content\/uploads\/2023\/09\/IMG-20230828-WA0074.jpg 1280w, https:\/\/iesmaldones-cat.infd.edu.ar\/sitio\/wp-content\/uploads\/2023\/09\/IMG-20230828-WA0074-1000x750.jpg 1000w, https:\/\/iesmaldones-cat.infd.edu.ar\/sitio\/wp-content\/uploads\/2023\/09\/IMG-20230828-WA0074-768x576.jpg 768w\" sizes=\"(max-width: 1280px) 100vw, 1280px\" \/><\/figure>\n\n\n\n<figure class=\"wp-block-image size-large\"><img decoding=\"async\" loading=\"lazy\" width=\"960\" height=\"1280\" data-id=\"2007\"  src=\"https:\/\/iesmaldones-cat.infd.edu.ar\/sitio\/wp-content\/uploads\/2023\/09\/IMG-20230828-WA0075.jpg\" alt=\"\" class=\"wp-image-2007\" srcset=\"https:\/\/iesmaldones-cat.infd.edu.ar\/sitio\/wp-content\/uploads\/2023\/09\/IMG-20230828-WA0075.jpg 960w, https:\/\/iesmaldones-cat.infd.edu.ar\/sitio\/wp-content\/uploads\/2023\/09\/IMG-20230828-WA0075-750x1000.jpg 750w, https:\/\/iesmaldones-cat.infd.edu.ar\/sitio\/wp-content\/uploads\/2023\/09\/IMG-20230828-WA0075-768x1024.jpg 768w\" sizes=\"(max-width: 960px) 100vw, 960px\" \/><\/figure>\n\n\n\n<figure class=\"wp-block-image size-large\"><img decoding=\"async\" loading=\"lazy\" width=\"1280\" height=\"960\" data-id=\"2005\"  src=\"https:\/\/iesmaldones-cat.infd.edu.ar\/sitio\/wp-content\/uploads\/2023\/09\/IMG-20230828-WA0085.jpg\" alt=\"\" class=\"wp-image-2005\" srcset=\"https:\/\/iesmaldones-cat.infd.edu.ar\/sitio\/wp-content\/uploads\/2023\/09\/IMG-20230828-WA0085.jpg 1280w, https:\/\/iesmaldones-cat.infd.edu.ar\/sitio\/wp-content\/uploads\/2023\/09\/IMG-20230828-WA0085-1000x750.jpg 1000w, https:\/\/iesmaldones-cat.infd.edu.ar\/sitio\/wp-content\/uploads\/2023\/09\/IMG-20230828-WA0085-768x576.jpg 768w\" sizes=\"(max-width: 1280px) 100vw, 1280px\" \/><\/figure>\n\n\n\n<figure class=\"wp-block-image size-large\"><img decoding=\"async\" loading=\"lazy\" width=\"1280\" height=\"960\" data-id=\"2006\"  src=\"https:\/\/iesmaldones-cat.infd.edu.ar\/sitio\/wp-content\/uploads\/2023\/09\/IMG-20230828-WA0088.jpg\" alt=\"\" class=\"wp-image-2006\" srcset=\"https:\/\/iesmaldones-cat.infd.edu.ar\/sitio\/wp-content\/uploads\/2023\/09\/IMG-20230828-WA0088.jpg 1280w, https:\/\/iesmaldones-cat.infd.edu.ar\/sitio\/wp-content\/uploads\/2023\/09\/IMG-20230828-WA0088-1000x750.jpg 1000w, https:\/\/iesmaldones-cat.infd.edu.ar\/sitio\/wp-content\/uploads\/2023\/09\/IMG-20230828-WA0088-768x576.jpg 768w\" sizes=\"(max-width: 1280px) 100vw, 1280px\" \/><\/figure>\n<\/figure>\n","protected":false},"excerpt":{"rendered":"<p>PRIMER ENCUENTRO El d\u00eda 15 de Agosto se realiz\u00f3 en Primer Encuentro en ESCUELA SECUNDARIA N\u00b0 61 ANEXO N\u00b01 \u2013 LA MERCED, el mismo fue coordinado por&nbsp; Profesores Sergio Quinteros y Diego Novaira. El encuentro tuvo como objetivos: Dise\u00f1o del dispositivo de apoyo pedag\u00f3gico en 2 escuelas del tejido vincular al IES. Estanislao Maldones del &#8230; <a title=\"Escuela Secundaria N\u00b061 Balcosna &#8211; Anexo N\u00b01 La Merced\" class=\"read-more\" href=\"https:\/\/iesmaldones-cat.infd.edu.ar\/sitio\/escuela-secundaria-n61-balcosna-anexo-n1-la-merced\/\" aria-label=\"More on Escuela Secundaria N\u00b061 Balcosna &#8211; Anexo N\u00b01 La Merced\">[+]<\/a><\/p>\n","protected":false},"author":20,"featured_media":0,"parent":0,"menu_order":0,"comment_status":"closed","ping_status":"closed","template":"","meta":[],"acf":[],"_links":{"self":[{"href":"https:\/\/iesmaldones-cat.infd.edu.ar\/sitio\/wp-json\/wp\/v2\/pages\/1988"}],"collection":[{"href":"https:\/\/iesmaldones-cat.infd.edu.ar\/sitio\/wp-json\/wp\/v2\/pages"}],"about":[{"href":"https:\/\/iesmaldones-cat.infd.edu.ar\/sitio\/wp-json\/wp\/v2\/types\/page"}],"author":[{"embeddable":true,"href":"https:\/\/iesmaldones-cat.infd.edu.ar\/sitio\/wp-json\/wp\/v2\/users\/20"}],"replies":[{"embeddable":true,"href":"https:\/\/iesmaldones-cat.infd.edu.ar\/sitio\/wp-json\/wp\/v2\/comments?post=1988"}],"version-history":[{"count":2,"href":"https:\/\/iesmaldones-cat.infd.edu.ar\/sitio\/wp-json\/wp\/v2\/pages\/1988\/revisions"}],"predecessor-version":[{"id":2008,"href":"https:\/\/iesmaldones-cat.infd.edu.ar\/sitio\/wp-json\/wp\/v2\/pages\/1988\/revisions\/2008"}],"wp:attachment":[{"href":"https:\/\/iesmaldones-cat.infd.edu.ar\/sitio\/wp-json\/wp\/v2\/media?parent=1988"}],"curies":[{"name":"wp","href":"https:\/\/api.w.org\/{rel}","templated":true}]}}