{"id":1965,"date":"2023-09-15T20:55:26","date_gmt":"2023-09-15T23:55:26","guid":{"rendered":"https:\/\/iesmaldones-cat.infd.edu.ar\/sitio\/?page_id=1965"},"modified":"2023-09-15T20:55:27","modified_gmt":"2023-09-15T23:55:27","slug":"escuela-secundaria-tecnica-municipal-fray-mamerto-esquiu","status":"publish","type":"page","link":"https:\/\/iesmaldones-cat.infd.edu.ar\/sitio\/escuela-secundaria-tecnica-municipal-fray-mamerto-esquiu\/","title":{"rendered":"Escuela Secundaria T\u00e9cnica\u00a0 Municipal\u00a0 Fray Mamerto Esqui\u00fa"},"content":{"rendered":"\n<p class=\"has-text-align-left\">El d\u00eda 18 de Agosto en el horario de 8 a 12 hs, se realiz\u00f3 el primer encuentro con los docentes de la Escuela Secundaria T\u00e9cnica&nbsp; Municipal&nbsp; Fray Mamerto Esqui\u00fa en el SUM. en el marco del Proyecto: <strong>APE COMO PR\u00c1CTICAS DE INTERVENCI\u00d3N Y ACOMPA\u00d1AMIENTO \u201cConstruyendo juntos para enriquecer las pr\u00e1cticas pedag\u00f3gicas\u201d <\/strong>del Instituto de Educaci\u00f3n Superior Estanislao Maldones.&nbsp;<\/p>\n\n\n\n<p class=\"has-text-align-left\">Este encuentro es resultado de un trabajo previo con el equipo directivo de la Escuela Ing. Guillermo Gonzalez, Lic Matias Pereyra&nbsp; y el Asesor Pedag\u00f3gico Prof. Roberto Vega del Sueldo y las docentes del IES Estanislao Maldones Prof Mariam Ramos Jalil y Prof. Eliana Flores.<\/p>\n\n\n\n<p class=\"has-text-align-left\">Este encuentro tiene como objetivo contribuir al desarrollo de&nbsp; nuevas capacidades en los estudiantes del Primer&nbsp; Ciclo y Segundo Ciclo de la escuela t\u00e9cnica a trav\u00e9s de proyectos integrados. Para poder materializar este objetivo se articula con el proyecto institucional \u201cPromoci\u00f3n de la lectura\u201d, coordinado por el Dpto de Lengua y Literatura; este proyecto incluye una jornada de lectura y muestra el 11 de octubre, en la cual los docentes participan con sus proyectos integrados.&nbsp;<\/p>\n\n\n\n<p class=\"has-text-align-left\">Desde APE se realizar\u00e1 el acompa\u00f1amiento durante estas actividades como una invitaci\u00f3n a repensar las pr\u00e1cticas pedag\u00f3gicas desde los aportes de la did\u00e1ctica contempor\u00e1nea.&nbsp;<\/p>\n\n\n\n<p class=\"has-text-align-left\">Desde&nbsp; el Instituto de Educaci\u00f3n Superior agradecemos a la Secretar\u00eda de Educaci\u00f3n de la Municipalidad de Fray Mamerto Esqui\u00fa Prof. Claudia Acevedo por promover el trabajo cooperativo entre instituciones.<\/p>\n\n\n\n<figure class=\"wp-block-gallery has-nested-images columns-default is-cropped wp-block-gallery-1 is-layout-flex\">\n<figure class=\"wp-block-image size-large\"><img decoding=\"async\" loading=\"lazy\" width=\"1900\" height=\"887\" data-id=\"1967\"  src=\"https:\/\/iesmaldones-cat.infd.edu.ar\/sitio\/wp-content\/uploads\/2023\/09\/20230818_082256-1900x887.jpg\" alt=\"\" class=\"wp-image-1967\" srcset=\"https:\/\/iesmaldones-cat.infd.edu.ar\/sitio\/wp-content\/uploads\/2023\/09\/20230818_082256-1900x887.jpg 1900w, https:\/\/iesmaldones-cat.infd.edu.ar\/sitio\/wp-content\/uploads\/2023\/09\/20230818_082256-1000x467.jpg 1000w, https:\/\/iesmaldones-cat.infd.edu.ar\/sitio\/wp-content\/uploads\/2023\/09\/20230818_082256-768x359.jpg 768w, https:\/\/iesmaldones-cat.infd.edu.ar\/sitio\/wp-content\/uploads\/2023\/09\/20230818_082256-1536x717.jpg 1536w, https:\/\/iesmaldones-cat.infd.edu.ar\/sitio\/wp-content\/uploads\/2023\/09\/20230818_082256-2048x956.jpg 2048w\" sizes=\"(max-width: 1900px) 100vw, 1900px\" \/><\/figure>\n\n\n\n<figure class=\"wp-block-image size-large\"><img decoding=\"async\" loading=\"lazy\" width=\"1900\" height=\"887\" data-id=\"1968\"  src=\"https:\/\/iesmaldones-cat.infd.edu.ar\/sitio\/wp-content\/uploads\/2023\/09\/20230818_083410-1-1900x887.jpg\" alt=\"\" class=\"wp-image-1968\" srcset=\"https:\/\/iesmaldones-cat.infd.edu.ar\/sitio\/wp-content\/uploads\/2023\/09\/20230818_083410-1-1900x887.jpg 1900w, https:\/\/iesmaldones-cat.infd.edu.ar\/sitio\/wp-content\/uploads\/2023\/09\/20230818_083410-1-1000x467.jpg 1000w, https:\/\/iesmaldones-cat.infd.edu.ar\/sitio\/wp-content\/uploads\/2023\/09\/20230818_083410-1-768x359.jpg 768w, https:\/\/iesmaldones-cat.infd.edu.ar\/sitio\/wp-content\/uploads\/2023\/09\/20230818_083410-1-1536x717.jpg 1536w, https:\/\/iesmaldones-cat.infd.edu.ar\/sitio\/wp-content\/uploads\/2023\/09\/20230818_083410-1-2048x956.jpg 2048w\" sizes=\"(max-width: 1900px) 100vw, 1900px\" \/><\/figure>\n\n\n\n<figure class=\"wp-block-image size-large\"><img decoding=\"async\" loading=\"lazy\" width=\"1900\" height=\"887\" data-id=\"1971\"  src=\"https:\/\/iesmaldones-cat.infd.edu.ar\/sitio\/wp-content\/uploads\/2023\/09\/20230818_104332-1900x887.jpg\" alt=\"\" class=\"wp-image-1971\" srcset=\"https:\/\/iesmaldones-cat.infd.edu.ar\/sitio\/wp-content\/uploads\/2023\/09\/20230818_104332-1900x887.jpg 1900w, https:\/\/iesmaldones-cat.infd.edu.ar\/sitio\/wp-content\/uploads\/2023\/09\/20230818_104332-1000x467.jpg 1000w, https:\/\/iesmaldones-cat.infd.edu.ar\/sitio\/wp-content\/uploads\/2023\/09\/20230818_104332-768x359.jpg 768w, https:\/\/iesmaldones-cat.infd.edu.ar\/sitio\/wp-content\/uploads\/2023\/09\/20230818_104332-1536x717.jpg 1536w, https:\/\/iesmaldones-cat.infd.edu.ar\/sitio\/wp-content\/uploads\/2023\/09\/20230818_104332-2048x956.jpg 2048w\" sizes=\"(max-width: 1900px) 100vw, 1900px\" \/><\/figure>\n\n\n\n<figure class=\"wp-block-image size-large\"><img decoding=\"async\" loading=\"lazy\" width=\"1900\" height=\"887\" data-id=\"1970\"  src=\"https:\/\/iesmaldones-cat.infd.edu.ar\/sitio\/wp-content\/uploads\/2023\/09\/20230818_114641-1900x887.jpg\" alt=\"\" class=\"wp-image-1970\" srcset=\"https:\/\/iesmaldones-cat.infd.edu.ar\/sitio\/wp-content\/uploads\/2023\/09\/20230818_114641-1900x887.jpg 1900w, https:\/\/iesmaldones-cat.infd.edu.ar\/sitio\/wp-content\/uploads\/2023\/09\/20230818_114641-1000x467.jpg 1000w, https:\/\/iesmaldones-cat.infd.edu.ar\/sitio\/wp-content\/uploads\/2023\/09\/20230818_114641-768x359.jpg 768w, https:\/\/iesmaldones-cat.infd.edu.ar\/sitio\/wp-content\/uploads\/2023\/09\/20230818_114641-1536x717.jpg 1536w, https:\/\/iesmaldones-cat.infd.edu.ar\/sitio\/wp-content\/uploads\/2023\/09\/20230818_114641-2048x956.jpg 2048w\" sizes=\"(max-width: 1900px) 100vw, 1900px\" \/><\/figure>\n\n\n\n<figure class=\"wp-block-image size-large\"><img decoding=\"async\" loading=\"lazy\" width=\"1900\" height=\"887\" data-id=\"1969\"  src=\"https:\/\/iesmaldones-cat.infd.edu.ar\/sitio\/wp-content\/uploads\/2023\/09\/20230818_115629-1900x887.jpg\" alt=\"\" class=\"wp-image-1969\" srcset=\"https:\/\/iesmaldones-cat.infd.edu.ar\/sitio\/wp-content\/uploads\/2023\/09\/20230818_115629-1900x887.jpg 1900w, https:\/\/iesmaldones-cat.infd.edu.ar\/sitio\/wp-content\/uploads\/2023\/09\/20230818_115629-1000x467.jpg 1000w, https:\/\/iesmaldones-cat.infd.edu.ar\/sitio\/wp-content\/uploads\/2023\/09\/20230818_115629-768x359.jpg 768w, https:\/\/iesmaldones-cat.infd.edu.ar\/sitio\/wp-content\/uploads\/2023\/09\/20230818_115629-1536x717.jpg 1536w, https:\/\/iesmaldones-cat.infd.edu.ar\/sitio\/wp-content\/uploads\/2023\/09\/20230818_115629-2048x956.jpg 2048w\" sizes=\"(max-width: 1900px) 100vw, 1900px\" \/><\/figure>\n<figcaption class=\"blocks-gallery-caption wp-element-caption\">Encuentro APE  en la Escuela Secundaria T\u00e9cnica\u00a0 Municipal\u00a0 Fray Mamerto Esqui\u00fa <\/figcaption><\/figure>\n","protected":false},"excerpt":{"rendered":"<p>El d\u00eda 18 de Agosto en el horario de 8 a 12 hs, se realiz\u00f3 el primer encuentro con los docentes de la Escuela Secundaria T\u00e9cnica&nbsp; Municipal&nbsp; Fray Mamerto Esqui\u00fa en el SUM. en el marco del Proyecto: APE COMO PR\u00c1CTICAS DE INTERVENCI\u00d3N Y ACOMPA\u00d1AMIENTO \u201cConstruyendo juntos para enriquecer las pr\u00e1cticas pedag\u00f3gicas\u201d del Instituto de &#8230; <a title=\"Escuela Secundaria T\u00e9cnica\u00a0 Municipal\u00a0 Fray Mamerto Esqui\u00fa\" class=\"read-more\" href=\"https:\/\/iesmaldones-cat.infd.edu.ar\/sitio\/escuela-secundaria-tecnica-municipal-fray-mamerto-esquiu\/\" aria-label=\"More on Escuela Secundaria T\u00e9cnica\u00a0 Municipal\u00a0 Fray Mamerto Esqui\u00fa\">[+]<\/a><\/p>\n","protected":false},"author":20,"featured_media":0,"parent":0,"menu_order":0,"comment_status":"closed","ping_status":"closed","template":"","meta":[],"acf":[],"_links":{"self":[{"href":"https:\/\/iesmaldones-cat.infd.edu.ar\/sitio\/wp-json\/wp\/v2\/pages\/1965"}],"collection":[{"href":"https:\/\/iesmaldones-cat.infd.edu.ar\/sitio\/wp-json\/wp\/v2\/pages"}],"about":[{"href":"https:\/\/iesmaldones-cat.infd.edu.ar\/sitio\/wp-json\/wp\/v2\/types\/page"}],"author":[{"embeddable":true,"href":"https:\/\/iesmaldones-cat.infd.edu.ar\/sitio\/wp-json\/wp\/v2\/users\/20"}],"replies":[{"embeddable":true,"href":"https:\/\/iesmaldones-cat.infd.edu.ar\/sitio\/wp-json\/wp\/v2\/comments?post=1965"}],"version-history":[{"count":1,"href":"https:\/\/iesmaldones-cat.infd.edu.ar\/sitio\/wp-json\/wp\/v2\/pages\/1965\/revisions"}],"predecessor-version":[{"id":1973,"href":"https:\/\/iesmaldones-cat.infd.edu.ar\/sitio\/wp-json\/wp\/v2\/pages\/1965\/revisions\/1973"}],"wp:attachment":[{"href":"https:\/\/iesmaldones-cat.infd.edu.ar\/sitio\/wp-json\/wp\/v2\/media?parent=1965"}],"curies":[{"name":"wp","href":"https:\/\/api.w.org\/{rel}","templated":true}]}}