{"id":1092,"date":"2022-02-14T22:22:20","date_gmt":"2022-02-15T01:22:20","guid":{"rendered":"https:\/\/iesmaldones-cat.infd.edu.ar\/sitio\/?page_id=1092"},"modified":"2022-11-28T02:36:20","modified_gmt":"2022-11-28T05:36:20","slug":"turnos-de-examenes-2022","status":"publish","type":"page","link":"https:\/\/iesmaldones-cat.infd.edu.ar\/sitio\/turnos-de-examenes-2022\/","title":{"rendered":"TURNOS DE EX\u00c1MENES 2022"},"content":{"rendered":"\n<p><strong>Turno Noviembre &#8211; Diciembre, much\u00edsima suerte a todos !!<\/strong><\/p>\n\n\n\n<div class=\"wp-block-image\"><figure class=\"aligncenter size-large is-resized\"><a href=\"https:\/\/drive.google.com\/drive\/folders\/1Toc3Aip5MCyDeVoKrWUUgeH7RdtzYCE1?usp=share_link\" target=\"_blank\" rel=\"noopener\"><img decoding=\"async\" loading=\"lazy\" src=\"https:\/\/iesmaldones-cat.infd.edu.ar\/sitio\/wp-content\/uploads\/2022\/11\/Para-web-16.png\" alt=\"\" class=\"wp-image-1642\" width=\"684\" height=\"335\" srcset=\"https:\/\/iesmaldones-cat.infd.edu.ar\/sitio\/wp-content\/uploads\/2022\/11\/Para-web-16.png 960w, https:\/\/iesmaldones-cat.infd.edu.ar\/sitio\/wp-content\/uploads\/2022\/11\/Para-web-16-768x376.png 768w\" sizes=\"(max-width: 684px) 100vw, 684px\" \/><\/a><figcaption><strong><em><span class=\"has-inline-color has-vivid-red-color\">Clic en la Imagen<\/span><\/em><\/strong><\/figcaption><\/figure><\/div>\n\n\n\n<p><strong>Turno Febrero &#8211; Marzo, much\u00edsima suerte a todos !!<\/strong><\/p>\n\n\n\n<p><strong><span class=\"has-inline-color has-vivid-red-color\">1\u00b0 TURNO DE EX\u00c1MEN<\/span><\/strong><\/p>\n\n\n\n<ul><li>Los alumnos que se encuentran bajo r\u00e9gimen de sistema SIU, la inscripci\u00f3n es por el mismo.<\/li><li>Los alumnos, fuera de sistema SIU, realizar\u00e1n la inscripci\u00f3n de manera presencial los <strong>d\u00edas 14 y 15 de Febrero para el 1\u00b0 llamado<\/strong>, que ser\u00e1 entre los d\u00edas 21 al 04 de Marzo<\/li><\/ul>\n\n\n\n<p><strong><span class=\"has-inline-color has-vivid-red-color\">2\u00b0 TURNO DE EX\u00c1MEN<\/span><\/strong><\/p>\n\n\n\n<ul><li>Inscripciones 02 y 03 de Marzo, ex\u00e1menes desde el 07 al 18 de Marzo. <\/li><\/ul>\n\n\n\n<p><strong><span class=\"has-inline-color has-luminous-vivid-orange-color\">IMPORTANTE<\/span><\/strong>:  <strong>ALUMNOS FUERA DE SISTEMA, LA INSCRIPCI\u00d3N ES PERSONAL, Y PRESENCIAL, CON DNI EN MANO<\/strong><\/p>\n\n\n\n<p><\/p>\n\n\n\n<div class=\"wp-block-media-text alignwide is-stacked-on-mobile\" style=\"grid-template-columns:24% auto\"><figure class=\"wp-block-media-text__media\"><img decoding=\"async\" loading=\"lazy\" width=\"483\" height=\"420\" src=\"https:\/\/iesmaldones-cat.infd.edu.ar\/sitio\/wp-content\/uploads\/2022\/02\/fecha-examen-483x420-1.jpg\" alt=\"\" class=\"wp-image-1095 size-full\"\/><\/figure><div class=\"wp-block-media-text__content\">\n<p class=\"has-large-font-size\"><sub>En el siguiente link se encuentran las <strong>FECHAS DE LAS MESAS DE EX\u00c1MENES DEL 1\u00b0 Y 2\u00b0 TURNO<\/strong><\/sub><\/p>\n\n\n\n<p><a href=\"https:\/\/drive.google.com\/drive\/folders\/1jh9BQvhmDnEIvrfa3jugDTYdUqo9aFXf?usp=sharing\">https:\/\/drive.google.com\/drive\/folders\/1jh9BQvhmDnEIvrfa3jugDTYdUqo9aFXf?usp=sharing<\/a><\/p>\n<\/div><\/div>\n\n\n\n<p><\/p>\n","protected":false},"excerpt":{"rendered":"<p>Turno Noviembre &#8211; Diciembre, much\u00edsima suerte a todos !! Turno Febrero &#8211; Marzo, much\u00edsima suerte a todos !! 1\u00b0 TURNO DE EX\u00c1MEN Los alumnos que se encuentran bajo r\u00e9gimen de sistema SIU, la inscripci\u00f3n es por el mismo. Los alumnos, fuera de sistema SIU, realizar\u00e1n la inscripci\u00f3n de manera presencial los d\u00edas 14 y 15 &#8230; <a title=\"TURNOS DE EX\u00c1MENES 2022\" class=\"read-more\" href=\"https:\/\/iesmaldones-cat.infd.edu.ar\/sitio\/turnos-de-examenes-2022\/\" aria-label=\"More on TURNOS DE EX\u00c1MENES 2022\">[+]<\/a><\/p>\n","protected":false},"author":20,"featured_media":0,"parent":0,"menu_order":0,"comment_status":"closed","ping_status":"closed","template":"","meta":[],"acf":[],"_links":{"self":[{"href":"https:\/\/iesmaldones-cat.infd.edu.ar\/sitio\/wp-json\/wp\/v2\/pages\/1092"}],"collection":[{"href":"https:\/\/iesmaldones-cat.infd.edu.ar\/sitio\/wp-json\/wp\/v2\/pages"}],"about":[{"href":"https:\/\/iesmaldones-cat.infd.edu.ar\/sitio\/wp-json\/wp\/v2\/types\/page"}],"author":[{"embeddable":true,"href":"https:\/\/iesmaldones-cat.infd.edu.ar\/sitio\/wp-json\/wp\/v2\/users\/20"}],"replies":[{"embeddable":true,"href":"https:\/\/iesmaldones-cat.infd.edu.ar\/sitio\/wp-json\/wp\/v2\/comments?post=1092"}],"version-history":[{"count":2,"href":"https:\/\/iesmaldones-cat.infd.edu.ar\/sitio\/wp-json\/wp\/v2\/pages\/1092\/revisions"}],"predecessor-version":[{"id":1643,"href":"https:\/\/iesmaldones-cat.infd.edu.ar\/sitio\/wp-json\/wp\/v2\/pages\/1092\/revisions\/1643"}],"wp:attachment":[{"href":"https:\/\/iesmaldones-cat.infd.edu.ar\/sitio\/wp-json\/wp\/v2\/media?parent=1092"}],"curies":[{"name":"wp","href":"https:\/\/api.w.org\/{rel}","templated":true}]}}